{"id":1384,"date":"2023-02-26T22:07:14","date_gmt":"2023-02-26T19:07:14","guid":{"rendered":"https:\/\/www.akcmekanik.com\/?page_id=1384"},"modified":"2023-03-02T12:47:09","modified_gmt":"2023-03-02T09:47:09","slug":"projelerimiz","status":"publish","type":"page","link":"https:\/\/www.akcmekanik.com\/?page_id=1384","title":{"rendered":"Projelerimiz"},"content":{"rendered":"\t\t<div data-elementor-type=\"wp-page\" data-elementor-id=\"1384\" class=\"elementor elementor-1384\">\n\t\t\t\t\t\t\t\t\t<section class=\"elementor-section elementor-top-section elementor-element elementor-element-d79e99e elementor-section-full_width elementor-section-height-default elementor-section-height-default\" data-id=\"d79e99e\" data-element_type=\"section\">\n\t\t\t\t\t\t<div class=\"elementor-container elementor-column-gap-no\">\n\t\t\t\t\t<div class=\"elementor-column elementor-col-100 elementor-top-column elementor-element elementor-element-41875ff\" data-id=\"41875ff\" data-element_type=\"column\">\n\t\t\t<div class=\"elementor-widget-wrap elementor-element-populated\">\n\t\t\t\t\t\t\t\t<div class=\"elementor-element elementor-element-7ba9d31 elementor-widget elementor-widget-prime-slider-dragon\" data-id=\"7ba9d31\" data-element_type=\"widget\" data-widget_type=\"prime-slider-dragon.default\">\n\t\t\t\t<div class=\"elementor-widget-container\">\n\t\t\t        <div class=\"bdt-prime-slider\">\r\n            <div class=\"bdt-prime-slider-dragon\">\r\n                <div class=\"bdt-position-relative bdt-visible-toggle\" data-settings=\"{&quot;id&quot;:&quot;#bdt-7ba9d31&quot;,&quot;animation_status&quot;:&quot;no&quot;}\" id=\"bdt-7ba9d31\" bdt-slideshow=\"{&quot;animation&quot;:&quot;fade&quot;,&quot;ratio&quot;:&quot;16:9&quot;,&quot;min-height&quot;:&quot;440&quot;,&quot;autoplay&quot;:true,&quot;autoplay-interval&quot;:7000,&quot;pause-on-hover&quot;:false,&quot;velocity&quot;:1,&quot;finite&quot;:false}\">\r\n                    <ul class=\"bdt-slideshow-items\">\r\n        \t\t<li class=\"bdt-slideshow-item bdt-flex bdt-flex-middle elementor-repeater-item-071cd99\">\r\n\r\n\t\t\t<div class=\"bdt-ps-dragon-bg\">\r\n\t\t\t\t\r\n        <div class=\"bdt-ps-slide-img\" style=\"background-image: url('https:\/\/www.akcmekanik.com\/wp-content\/uploads\/2023\/03\/DSCF3135-scaled.jpg')\"><\/div>\r\n\r\n        \t\t\t<\/div>\r\n\r\n\t\t\t<div class=\"bdt-ps-dragon-slide-image\">\r\n\t\t\t\t\r\n        <div class=\"bdt-ps-slide-img\" style=\"background-image: url('https:\/\/www.akcmekanik.com\/wp-content\/uploads\/2023\/03\/DSCF3135-scaled.jpg')\"><\/div>\r\n\r\n        \t\t\t<\/div>\r\n\r\n\t\t\t\t\t\t\t<div class=\"bdt-overlay-default bdt-position-cover bdt-blend-multiply\"><\/div>\r\n\t\t\t\t\t\t\r\n\t\t\t\t\t<div class=\"bdt-prime-slider-wrapper\">\r\n\t\t\t<div class=\"bdt-prime-slider-content\">\r\n\r\n\t\t\t\t\r\n\t\t\t\t\t\t\t\t\t<div class=\"bdt-main-title\">\r\n\t\t\t\t\t\t<h1 class=\"bdt-title-tag\" data-bdt-slideshow-parallax=\"x: 200,-200; opacity: 1,1,0\"  data-reveal=\"reveal-active\">\r\n\t\t\t\t\t\t\t\t\t\t\t\t\t\t\t<span class=\"frist-word\">Projelerimiz<\/span> \t\t\t\t\t\t\t\t\t\t\t\t\t\t<\/h1>\r\n\t\t\t\t\t<\/div>\r\n\t\t\t\t\r\n\t\t\t\t\r\n\t\t\t\t<div data-bdt-slideshow-parallax=\"x: 400,-400; opacity: 1,1,0\">\r\n\t\t\t\t\t\r\n\t\t\t\t\t\t<\/div>\r\n\t\t\t\t\t\r\n\t\t\t<\/div>\r\n\t\t<\/div>\r\n        \r\n\t\t<\/li>\r\n        \r\n\t\t\t\t\t<\/ul>\r\n\r\n\t\t\t\t\t            \r\n                <ul class=\"bdt-slideshow-nav bdt-dotnav bdt-dotnav-vertical reveal-muted\">\r\n\r\n                                        <li bdt-slideshow-item=\"0\" data-label=\"01\" ><a href=\"#\"><\/a><\/li>\r\n                                        \r\n                <\/ul>\r\n\r\n            \r\n        \t\t\t\t\t\r\n\t\t\t\t<\/div>\r\n\t\t\t\t\r\n\t\t<div class=\"bdt-prime-slider-social-icon reveal-muted\">\r\n\r\n\t\t\t\r\n\t\t\t\t<a href=\"http:\/\/www.facebook.com\/bdthemes\/\" target=\"_blank\">\r\n\t\t\t\t\t<span class=\"bdt-social-share-title\">\r\n\t\t\t\t\t\tFacebook\t\t\t\t\t<\/span>\r\n\t\t\t\t<\/a>\r\n\t\t\t\t\r\n\t\t\t\r\n\t\t\t\t<a href=\"http:\/\/www.twitter.com\/bdthemes\/\" target=\"_blank\">\r\n\t\t\t\t\t<span class=\"bdt-social-share-title\">\r\n\t\t\t\t\t\tTwitter\t\t\t\t\t<\/span>\r\n\t\t\t\t<\/a>\r\n\t\t\t\t\r\n\t\t\t\r\n\t\t\t\t<a href=\"http:\/\/www.instagram.com\/bdthemes\/\" target=\"_blank\">\r\n\t\t\t\t\t<span class=\"bdt-social-share-title\">\r\n\t\t\t\t\t\tInstagram\t\t\t\t\t<\/span>\r\n\t\t\t\t<\/a>\r\n\t\t\t\t\r\n\t\t\t\r\n\t\t<\/div>\r\n\r\n\t\t\t\t\t<\/div>\r\n\t\t<\/div>\r\n        \t\t<\/div>\n\t\t\t\t<\/div>\n\t\t\t\t\t<\/div>\n\t\t<\/div>\n\t\t\t\t\t\t\t<\/div>\n\t\t<\/section>\n\t\t\t\t<section class=\"elementor-section elementor-top-section elementor-element elementor-element-5c9694a2 elementor-section-boxed elementor-section-height-default elementor-section-height-default\" data-id=\"5c9694a2\" data-element_type=\"section\">\n\t\t\t\t\t\t<div class=\"elementor-container elementor-column-gap-default\">\n\t\t\t\t\t<div class=\"elementor-column elementor-col-100 elementor-top-column elementor-element elementor-element-4b50adc1\" data-id=\"4b50adc1\" data-element_type=\"column\">\n\t\t\t<div class=\"elementor-widget-wrap elementor-element-populated\">\n\t\t\t\t\t\t\t\t<div class=\"elementor-element elementor-element-3747f993 elementor-widget elementor-widget-text-editor\" data-id=\"3747f993\" data-element_type=\"widget\" data-widget_type=\"text-editor.default\">\n\t\t\t\t<div class=\"elementor-widget-container\">\n\t\t\t<style>\/*! elementor - v3.16.0 - 09-10-2023 *\/\n.elementor-widget-text-editor.elementor-drop-cap-view-stacked .elementor-drop-cap{background-color:#69727d;color:#fff}.elementor-widget-text-editor.elementor-drop-cap-view-framed .elementor-drop-cap{color:#69727d;border:3px solid;background-color:transparent}.elementor-widget-text-editor:not(.elementor-drop-cap-view-default) .elementor-drop-cap{margin-top:8px}.elementor-widget-text-editor:not(.elementor-drop-cap-view-default) .elementor-drop-cap-letter{width:1em;height:1em}.elementor-widget-text-editor .elementor-drop-cap{float:left;text-align:center;line-height:1;font-size:50px}.elementor-widget-text-editor .elementor-drop-cap-letter{display:inline-block}<\/style>\t\t\t\t<!-- wp:fl-builder\/layout \/-->\t\t\t\t\t\t<\/div>\n\t\t\t\t<\/div>\n\t\t\t\t\t<\/div>\n\t\t<\/div>\n\t\t\t\t\t\t\t<\/div>\n\t\t<\/section>\n\t\t\t\t<section class=\"elementor-section elementor-top-section elementor-element elementor-element-d093a51 elementor-section-boxed elementor-section-height-default elementor-section-height-default\" data-id=\"d093a51\" data-element_type=\"section\">\n\t\t\t\t\t\t<div class=\"elementor-container elementor-column-gap-default\">\n\t\t\t\t\t<div class=\"elementor-column elementor-col-100 elementor-top-column elementor-element elementor-element-85caa62\" data-id=\"85caa62\" data-element_type=\"column\">\n\t\t\t<div class=\"elementor-widget-wrap\">\n\t\t\t\t\t\t\t\t\t<\/div>\n\t\t<\/div>\n\t\t\t\t\t\t\t<\/div>\n\t\t<\/section>\n\t\t\t\t\t\t\t<\/div>\n\t\t","protected":false},"excerpt":{"rendered":"<p>Projelerimiz Facebook Twitter Instagram Projelerimiz Ag\u0131t Konut Byeceli Nadide D\u00f6ner Hassan G\u0131da Dkc Makine Dimaks Bosskim Bossa Akdeniz Otomotiv Ag\u0131t Konut Adana Mensucat A\u011f\u0131t Hafriyat \u0130dari Has Tobacco \u00c7ukurova \u00dcniversitesi Ye\u015fil F\u0131r\u0131n Ortado\u011fu al\u00fcminyum \u00c7ukurova Polistren Beyaz ka\u011f\u0131t Vodo \u00c7\u0131nar Sarus Mobilya Ursa Plastik<\/p>\n","protected":false},"author":2,"featured_media":0,"parent":0,"menu_order":0,"comment_status":"closed","ping_status":"closed","template":"elementor_header_footer","meta":{"footnotes":""},"class_list":["post-1384","page","type-page","status-publish","hentry"],"_links":{"self":[{"href":"https:\/\/www.akcmekanik.com\/index.php?rest_route=\/wp\/v2\/pages\/1384","targetHints":{"allow":["GET"]}}],"collection":[{"href":"https:\/\/www.akcmekanik.com\/index.php?rest_route=\/wp\/v2\/pages"}],"about":[{"href":"https:\/\/www.akcmekanik.com\/index.php?rest_route=\/wp\/v2\/types\/page"}],"author":[{"embeddable":true,"href":"https:\/\/www.akcmekanik.com\/index.php?rest_route=\/wp\/v2\/users\/2"}],"replies":[{"embeddable":true,"href":"https:\/\/www.akcmekanik.com\/index.php?rest_route=%2Fwp%2Fv2%2Fcomments&post=1384"}],"version-history":[{"count":31,"href":"https:\/\/www.akcmekanik.com\/index.php?rest_route=\/wp\/v2\/pages\/1384\/revisions"}],"predecessor-version":[{"id":1893,"href":"https:\/\/www.akcmekanik.com\/index.php?rest_route=\/wp\/v2\/pages\/1384\/revisions\/1893"}],"wp:attachment":[{"href":"https:\/\/www.akcmekanik.com\/index.php?rest_route=%2Fwp%2Fv2%2Fmedia&parent=1384"}],"curies":[{"name":"wp","href":"https:\/\/api.w.org\/{rel}","templated":true}]}}