{"id":56,"date":"2023-02-01T19:47:56","date_gmt":"2023-02-01T16:47:56","guid":{"rendered":"https:\/\/www.akcmekanik.com\/?page_id=56"},"modified":"2023-03-04T12:52:44","modified_gmt":"2023-03-04T09:52:44","slug":"hizmetler","status":"publish","type":"page","link":"https:\/\/www.akcmekanik.com\/?page_id=56","title":{"rendered":"Hizmetler"},"content":{"rendered":"\t\t<div data-elementor-type=\"wp-page\" data-elementor-id=\"56\" class=\"elementor elementor-56\">\n\t\t\t\t\t\t\t\t\t<section class=\"elementor-section elementor-top-section elementor-element elementor-element-a606025 elementor-section-boxed elementor-section-height-default elementor-section-height-default\" data-id=\"a606025\" data-element_type=\"section\">\n\t\t\t\t\t\t<div class=\"elementor-container elementor-column-gap-default\">\n\t\t\t\t\t<div class=\"elementor-column elementor-col-100 elementor-top-column elementor-element elementor-element-c294d50\" data-id=\"c294d50\" data-element_type=\"column\">\n\t\t\t<div class=\"elementor-widget-wrap elementor-element-populated\">\n\t\t\t\t\t\t\t\t<section class=\"elementor-section elementor-inner-section elementor-element elementor-element-eb90b4b elementor-section-boxed elementor-section-height-default elementor-section-height-default\" data-id=\"eb90b4b\" data-element_type=\"section\">\n\t\t\t\t\t\t<div class=\"elementor-container elementor-column-gap-default\">\n\t\t\t\t\t<div class=\"elementor-column elementor-col-50 elementor-inner-column elementor-element elementor-element-9a53aa0\" data-id=\"9a53aa0\" data-element_type=\"column\">\n\t\t\t<div class=\"elementor-widget-wrap elementor-element-populated\">\n\t\t\t\t\t\t\t\t<div class=\"elementor-element elementor-element-4345dd4 elementor-widget elementor-widget-image\" data-id=\"4345dd4\" data-element_type=\"widget\" data-widget_type=\"image.default\">\n\t\t\t\t<div class=\"elementor-widget-container\">\n\t\t\t<style>\/*! elementor - v3.16.0 - 09-10-2023 *\/\n.elementor-widget-image{text-align:center}.elementor-widget-image a{display:inline-block}.elementor-widget-image a img[src$=\".svg\"]{width:48px}.elementor-widget-image img{vertical-align:middle;display:inline-block}<\/style>\t\t\t\t\t\t\t\t\t\t\t\t<img loading=\"lazy\" decoding=\"async\" width=\"640\" height=\"640\" src=\"https:\/\/www.akcmekanik.com\/wp-content\/uploads\/2023\/02\/cropped-akcmekanikcekim1foto8-1-1024x1024.png\" class=\"attachment-large size-large wp-image-268\" alt=\"\" srcset=\"https:\/\/www.akcmekanik.com\/wp-content\/uploads\/2023\/02\/cropped-akcmekanikcekim1foto8-1-1024x1024.png 1024w, https:\/\/www.akcmekanik.com\/wp-content\/uploads\/2023\/02\/cropped-akcmekanikcekim1foto8-1-300x300.png 300w, https:\/\/www.akcmekanik.com\/wp-content\/uploads\/2023\/02\/cropped-akcmekanikcekim1foto8-1-150x150.png 150w, https:\/\/www.akcmekanik.com\/wp-content\/uploads\/2023\/02\/cropped-akcmekanikcekim1foto8-1-768x768.png 768w, https:\/\/www.akcmekanik.com\/wp-content\/uploads\/2023\/02\/cropped-akcmekanikcekim1foto8-1.png 1080w\" sizes=\"auto, (max-width: 640px) 100vw, 640px\" \/>\t\t\t\t\t\t\t\t\t\t\t\t\t\t\t<\/div>\n\t\t\t\t<\/div>\n\t\t\t\t\t<\/div>\n\t\t<\/div>\n\t\t\t\t<div class=\"elementor-column elementor-col-50 elementor-inner-column elementor-element elementor-element-5cb2965\" data-id=\"5cb2965\" data-element_type=\"column\">\n\t\t\t<div class=\"elementor-widget-wrap elementor-element-populated\">\n\t\t\t\t\t\t\t\t<div class=\"elementor-element elementor-element-37f169b elementor-widget elementor-widget-text-editor\" data-id=\"37f169b\" data-element_type=\"widget\" data-widget_type=\"text-editor.default\">\n\t\t\t\t<div class=\"elementor-widget-container\">\n\t\t\t<style>\/*! elementor - v3.16.0 - 09-10-2023 *\/\n.elementor-widget-text-editor.elementor-drop-cap-view-stacked .elementor-drop-cap{background-color:#69727d;color:#fff}.elementor-widget-text-editor.elementor-drop-cap-view-framed .elementor-drop-cap{color:#69727d;border:3px solid;background-color:transparent}.elementor-widget-text-editor:not(.elementor-drop-cap-view-default) .elementor-drop-cap{margin-top:8px}.elementor-widget-text-editor:not(.elementor-drop-cap-view-default) .elementor-drop-cap-letter{width:1em;height:1em}.elementor-widget-text-editor .elementor-drop-cap{float:left;text-align:center;line-height:1;font-size:50px}.elementor-widget-text-editor .elementor-drop-cap-letter{display:inline-block}<\/style>\t\t\t\t<div id=\"comp-koi2bfw32\" class=\"BaOVQ8 tz5f0K comp-koi2bfw32 wixui-text\" data-testid=\"richTextElement\" data-angle=\"0\" data-angle-style-location=\"style\" data-screen-in-hide=\"done\">\n<h4>\u00a0<\/h4>\n<h4>\u00a0<\/h4>\n<h4 class=\"font_0\"><strong><span class=\"color_15\">MEKAN\u0130K TES\u0130SAT PROJE VE DANI\u015eMANLIK H\u0130ZMETLER\u0130<\/span><\/strong><\/h4>\n<\/div>\n<div id=\"comp-koi2bfw33\" class=\"BaOVQ8 tz5f0K comp-koi2bfw33 wixui-text\" data-testid=\"richTextElement\" data-angle=\"0\" data-angle-style-location=\"style\" data-screen-in-hide=\"done\">\n<ul class=\"font_9 color_15\">\n<li>\n<p class=\"font_9\"><span class=\"color_15\">M\u00fchendislik Hesaplar\u0131<\/span><\/p>\n<\/li>\n<li>\n<p class=\"font_9\"><span class=\"color_15\">Uygulama Projeleri<\/span><\/p>\n<\/li>\n<li>\n<p class=\"font_9\"><span class=\"color_15\">Yakla\u015f\u0131k Maliyet , Ke\u015fif Hizmetleri ve B\u00fct\u00e7e \u00c7al\u0131\u015fmalar\u0131<\/span><\/p>\n<\/li>\n<li>\n<p class=\"font_9\"><span class=\"color_15\">Periyodik Kontrol Hizmetleri<\/span><\/p>\n<\/li>\n<li>\u00a0<\/li>\n<\/ul>\n<\/div>\t\t\t\t\t\t<\/div>\n\t\t\t\t<\/div>\n\t\t\t\t\t<\/div>\n\t\t<\/div>\n\t\t\t\t\t\t\t<\/div>\n\t\t<\/section>\n\t\t\t\t\t<\/div>\n\t\t<\/div>\n\t\t\t\t\t\t\t<\/div>\n\t\t<\/section>\n\t\t\t\t<section class=\"elementor-section elementor-top-section elementor-element elementor-element-6aac9fd elementor-section-boxed elementor-section-height-default elementor-section-height-default\" data-id=\"6aac9fd\" data-element_type=\"section\">\n\t\t\t\t\t\t<div class=\"elementor-container elementor-column-gap-default\">\n\t\t\t\t\t<div class=\"elementor-column elementor-col-100 elementor-top-column elementor-element elementor-element-f9af68d\" data-id=\"f9af68d\" data-element_type=\"column\">\n\t\t\t<div class=\"elementor-widget-wrap elementor-element-populated\">\n\t\t\t\t\t\t\t\t<section class=\"elementor-section elementor-inner-section elementor-element elementor-element-25fb7ca elementor-section-boxed elementor-section-height-default elementor-section-height-default\" data-id=\"25fb7ca\" data-element_type=\"section\">\n\t\t\t\t\t\t<div class=\"elementor-container elementor-column-gap-default\">\n\t\t\t\t\t<div class=\"elementor-column elementor-col-50 elementor-inner-column elementor-element elementor-element-425789d\" data-id=\"425789d\" data-element_type=\"column\">\n\t\t\t<div class=\"elementor-widget-wrap elementor-element-populated\">\n\t\t\t\t\t\t\t\t<div class=\"elementor-element elementor-element-166c17d elementor-widget elementor-widget-text-editor\" data-id=\"166c17d\" data-element_type=\"widget\" data-widget_type=\"text-editor.default\">\n\t\t\t\t<div class=\"elementor-widget-container\">\n\t\t\t\t\t\t\t<div id=\"comp-koi2bfw42\" class=\"BaOVQ8 tz5f0K comp-koi2bfw42 wixui-text\" data-testid=\"richTextElement\" data-angle=\"0\" data-angle-style-location=\"style\" data-screen-in-hide=\"done\">\n<h4 class=\"font_0\"><strong>ISITMA , SO\u011eUTMA , HAVALANDIRMA VE \u0130KL\u0130MLEND\u0130RME S\u0130STEMLER\u0130<\/strong><\/h4>\n<\/div>\n<div id=\"comp-koi2bfw43\" class=\"KcpHeO tz5f0K comp-koi2bfw43 wixui-text\" data-testid=\"richTextElement\" data-angle=\"0\" data-angle-style-location=\"style\" data-screen-in-hide=\"done\">\n<ul class=\"font_9 color_15\">\n<li>\n<p class=\"font_9\"><span class=\"color_15\">Bireysel ve Merkezi Kalorifer Tesisat\u0131<\/span><\/p>\n<\/li>\n<li>\n<p class=\"font_9\"><span class=\"color_15\">Bireysel ve End\u00fcstriyel \u00a0Do\u011falgaz Tesisat\u0131<\/span><\/p>\n<\/li>\n<li>\n<p class=\"font_9\"><span class=\"color_15\">Merkezi Kazan &#8211; Kaskad Sistemleri<\/span><\/p>\n<\/li>\n<li>\n<p class=\"font_9\"><span class=\"color_15\">Is\u0131 Pompas\u0131 Sistemleri<\/span><\/p>\n<\/li>\n<li>\n<p class=\"font_9\"><span class=\"color_15\">Bireysel ve Multi Klima Sistemleri<\/span><\/p>\n<\/li>\n<li>\n<p class=\"font_9\"><span class=\"color_15\">Vrf Merkezi Klima Sistemleri<\/span><\/p>\n<\/li>\n<li>\n<p class=\"font_9\"><span class=\"color_15\">Dx Bataryal\u0131 Klima Santralleri<\/span><\/p>\n<\/li>\n<li>\n<p class=\"font_9\"><span class=\"color_15\">Is\u0131 Geri Kazan\u0131m Sistemleri<\/span><\/p>\n<\/li>\n<li>\n<p class=\"font_9\"><span class=\"color_15\">Otopark Havaland\u0131rma Sistemleri<\/span><\/p>\n<\/li>\n<\/ul>\n<\/div>\t\t\t\t\t\t<\/div>\n\t\t\t\t<\/div>\n\t\t\t\t\t<\/div>\n\t\t<\/div>\n\t\t\t\t<div class=\"elementor-column elementor-col-50 elementor-inner-column elementor-element elementor-element-aac625d\" data-id=\"aac625d\" data-element_type=\"column\">\n\t\t\t<div class=\"elementor-widget-wrap elementor-element-populated\">\n\t\t\t\t\t\t\t\t<div class=\"elementor-element elementor-element-79c33c5 elementor-widget elementor-widget-image\" data-id=\"79c33c5\" data-element_type=\"widget\" data-widget_type=\"image.default\">\n\t\t\t\t<div class=\"elementor-widget-container\">\n\t\t\t\t\t\t\t\t\t\t\t\t\t\t\t<img loading=\"lazy\" decoding=\"async\" width=\"640\" height=\"645\" src=\"https:\/\/www.akcmekanik.com\/wp-content\/uploads\/2023\/02\/e31df9_d8d22bf3e410495285d8303d8981597f_mv2.webp\" class=\"attachment-large size-large wp-image-290\" alt=\"\" srcset=\"https:\/\/www.akcmekanik.com\/wp-content\/uploads\/2023\/02\/e31df9_d8d22bf3e410495285d8303d8981597f_mv2.webp 675w, https:\/\/www.akcmekanik.com\/wp-content\/uploads\/2023\/02\/e31df9_d8d22bf3e410495285d8303d8981597f_mv2-298x300.webp 298w, https:\/\/www.akcmekanik.com\/wp-content\/uploads\/2023\/02\/e31df9_d8d22bf3e410495285d8303d8981597f_mv2-150x150.webp 150w\" sizes=\"auto, (max-width: 640px) 100vw, 640px\" \/>\t\t\t\t\t\t\t\t\t\t\t\t\t\t\t<\/div>\n\t\t\t\t<\/div>\n\t\t\t\t\t<\/div>\n\t\t<\/div>\n\t\t\t\t\t\t\t<\/div>\n\t\t<\/section>\n\t\t\t\t\t<\/div>\n\t\t<\/div>\n\t\t\t\t\t\t\t<\/div>\n\t\t<\/section>\n\t\t\t\t<section class=\"elementor-section elementor-top-section elementor-element elementor-element-a4da472 elementor-section-boxed elementor-section-height-default elementor-section-height-default\" data-id=\"a4da472\" data-element_type=\"section\">\n\t\t\t\t\t\t<div class=\"elementor-container elementor-column-gap-default\">\n\t\t\t\t\t<div class=\"elementor-column elementor-col-100 elementor-top-column elementor-element elementor-element-38a0c2a\" data-id=\"38a0c2a\" data-element_type=\"column\">\n\t\t\t<div class=\"elementor-widget-wrap elementor-element-populated\">\n\t\t\t\t\t\t\t\t<section class=\"elementor-section elementor-inner-section elementor-element elementor-element-2d17c38 elementor-section-boxed elementor-section-height-default elementor-section-height-default\" data-id=\"2d17c38\" data-element_type=\"section\">\n\t\t\t\t\t\t<div class=\"elementor-container elementor-column-gap-default\">\n\t\t\t\t\t<div class=\"elementor-column elementor-col-50 elementor-inner-column elementor-element elementor-element-b8cd5c8\" data-id=\"b8cd5c8\" data-element_type=\"column\">\n\t\t\t<div class=\"elementor-widget-wrap elementor-element-populated\">\n\t\t\t\t\t\t\t\t<div class=\"elementor-element elementor-element-d6ca7a7 elementor-widget elementor-widget-image\" data-id=\"d6ca7a7\" data-element_type=\"widget\" data-widget_type=\"image.default\">\n\t\t\t\t<div class=\"elementor-widget-container\">\n\t\t\t\t\t\t\t\t\t\t\t\t\t\t\t<img loading=\"lazy\" decoding=\"async\" width=\"640\" height=\"550\" src=\"https:\/\/www.akcmekanik.com\/wp-content\/uploads\/2023\/02\/b3ded45e08f841cc9105ca751642743c.webp\" class=\"attachment-large size-large wp-image-302\" alt=\"\" srcset=\"https:\/\/www.akcmekanik.com\/wp-content\/uploads\/2023\/02\/b3ded45e08f841cc9105ca751642743c.webp 675w, https:\/\/www.akcmekanik.com\/wp-content\/uploads\/2023\/02\/b3ded45e08f841cc9105ca751642743c-300x258.webp 300w\" sizes=\"auto, (max-width: 640px) 100vw, 640px\" \/>\t\t\t\t\t\t\t\t\t\t\t\t\t\t\t<\/div>\n\t\t\t\t<\/div>\n\t\t\t\t\t<\/div>\n\t\t<\/div>\n\t\t\t\t<div class=\"elementor-column elementor-col-50 elementor-inner-column elementor-element elementor-element-3873bc5\" data-id=\"3873bc5\" data-element_type=\"column\">\n\t\t\t<div class=\"elementor-widget-wrap elementor-element-populated\">\n\t\t\t\t\t\t\t\t<div class=\"elementor-element elementor-element-0a0e593 elementor-widget elementor-widget-text-editor\" data-id=\"0a0e593\" data-element_type=\"widget\" data-widget_type=\"text-editor.default\">\n\t\t\t\t<div class=\"elementor-widget-container\">\n\t\t\t\t\t\t\t<div id=\"bgLayers_comp-koi2e9pe1\" class=\"MW5IWV\" data-hook=\"bgLayers\">\n<h4 id=\"bgMedia_comp-koi2e9pe1\" class=\"VgO9Yg\"><strong><span class=\"color_15\">YANGINDAN KORUNMA S\u0130STEMLER\u0130<\/span><\/strong><\/h4>\n<\/div>\n<div class=\"\" data-mesh-id=\"comp-koi2e9pe1inlineContent\" data-testid=\"inline-content\">\n<div data-mesh-id=\"comp-koi2e9pe1inlineContent-gridContainer\" data-testid=\"mesh-container-content\">\n<div id=\"comp-koi2e9pe2\" class=\"BaOVQ8 tz5f0K comp-koi2e9pe2 wixui-text\" data-testid=\"richTextElement\" data-angle=\"0\" data-angle-style-location=\"style\" data-screen-in-hide=\"done\">\n<ul class=\"font_9 color_15\">\n<li>\n<p class=\"font_9\"><span class=\"color_15\">Sulu ve K\u00f6p\u00fckl\u00fc Yang\u0131n S\u00f6nd\u00fcrme Sistemleri<\/span><\/p>\n<\/li>\n<li>\n<p class=\"font_9\"><span class=\"color_15\">Sprinkler Yang\u0131n S\u00f6nd\u00fcrme Sistemi<\/span><\/p>\n<\/li>\n<li>\n<p class=\"font_9\"><span class=\"color_15\">Pano \u0130\u00e7i Mikro S\u00f6nd\u00fcrme Sistemi<\/span><\/p>\n<\/li>\n<li>\n<p class=\"font_9\"><span class=\"color_15\">Davlumbaz S\u00f6nd\u00fcrme Sistemi<\/span><\/p>\n<\/li>\n<li>\n<p class=\"font_9\"><span class=\"color_15\">FM 200 Gazl\u0131 Yang\u0131n S\u00f6nd\u00fcrme<\/span><\/p>\n<\/li>\n<li>\n<p class=\"font_9\"><span class=\"color_15\">Merdiven ve Asans\u00f6r Bas\u0131n\u00e7land\u0131rma<\/span><\/p>\n<\/li>\n<li>\n<p class=\"font_9\"><span class=\"color_15\">Jet Fan ile Yang\u0131n Kontrol\u00fc<\/span><\/p>\n<\/li>\n<li>\n<p class=\"font_9\"><span class=\"color_15\">Duman Tahliye Sistemleri<\/span><\/p>\n<\/li>\n<li>\n<p class=\"font_9\"><span class=\"color_15\">Otomasyon Sistemleri<\/span><\/p>\n<\/li>\n<\/ul>\n<\/div>\n<\/div>\n<\/div>\t\t\t\t\t\t<\/div>\n\t\t\t\t<\/div>\n\t\t\t\t\t<\/div>\n\t\t<\/div>\n\t\t\t\t\t\t\t<\/div>\n\t\t<\/section>\n\t\t\t\t\t<\/div>\n\t\t<\/div>\n\t\t\t\t\t\t\t<\/div>\n\t\t<\/section>\n\t\t\t\t<section class=\"elementor-section elementor-top-section elementor-element elementor-element-422dcc7 elementor-section-boxed elementor-section-height-default elementor-section-height-default\" data-id=\"422dcc7\" data-element_type=\"section\">\n\t\t\t\t\t\t<div class=\"elementor-container elementor-column-gap-default\">\n\t\t\t\t\t<div class=\"elementor-column elementor-col-100 elementor-top-column elementor-element elementor-element-7d20ea6\" data-id=\"7d20ea6\" data-element_type=\"column\">\n\t\t\t<div class=\"elementor-widget-wrap elementor-element-populated\">\n\t\t\t\t\t\t\t\t<section class=\"elementor-section elementor-inner-section elementor-element elementor-element-49e90b1 elementor-section-boxed elementor-section-height-default elementor-section-height-default\" data-id=\"49e90b1\" data-element_type=\"section\">\n\t\t\t\t\t\t<div class=\"elementor-container elementor-column-gap-default\">\n\t\t\t\t\t<div class=\"elementor-column elementor-col-50 elementor-inner-column elementor-element elementor-element-e953043\" data-id=\"e953043\" data-element_type=\"column\">\n\t\t\t<div class=\"elementor-widget-wrap elementor-element-populated\">\n\t\t\t\t\t\t\t\t<div class=\"elementor-element elementor-element-7a204f2 elementor-widget elementor-widget-text-editor\" data-id=\"7a204f2\" data-element_type=\"widget\" data-widget_type=\"text-editor.default\">\n\t\t\t\t<div class=\"elementor-widget-container\">\n\t\t\t\t\t\t\t<div id=\"comp-koi2e9pf\" class=\"BaOVQ8 tz5f0K comp-koi2e9pf wixui-text\" data-testid=\"richTextElement\" data-angle=\"0\" data-angle-style-location=\"style\" data-screen-in-hide=\"done\">\n<h4>&nbsp;<\/h4>\n<h4 class=\"font_0\"><strong>SIHH\u0130 TES\u0130SAT PROJELER\u0130<\/strong><\/h4>\n<\/div>\n<div id=\"comp-koi2e9pf1\" class=\"BaOVQ8 tz5f0K comp-koi2e9pf1 wixui-text\" data-testid=\"richTextElement\" data-angle=\"0\" data-angle-style-location=\"style\" data-screen-in-hide=\"done\">\n<ul class=\"font_9 color_15\">\n<li>\n<p class=\"font_9\"><span class=\"color_15\">Pis Su &#8211; Temiz Su Tesisatlar\u0131<\/span><\/p>\n<\/li>\n<li>\n<p class=\"font_9\"><span class=\"color_15\">Kullan\u0131m S\u0131cak Su Tesisatlar\u0131<\/span><\/p>\n<\/li>\n<li>\n<p class=\"font_9\"><span class=\"color_15\">Su Yumu\u015fatma ve Ar\u0131tma Sistemleri<\/span><\/p>\n<\/li>\n<li>\n<p class=\"font_9\"><span class=\"color_15\">Temel Drenaj Sistemleri<\/span><\/p>\n<\/li>\n<li>\n<p class=\"font_9\"><span class=\"color_15\">Sifonik Ya\u011fmur Suyu Sistemleri<\/span><\/p>\n<\/li>\n<li>\n<p class=\"font_9\"><span class=\"color_15\">A\u00e7\u0131k Alanlar i\u00e7in Drenaj Sistemleri<\/span><\/p>\n<\/li>\n<li>\n<p class=\"font_9\"><span class=\"color_15\">Cephe Drenaj Sistemleri<\/span><\/p><\/li>\n<\/ul>\n<\/div>\t\t\t\t\t\t<\/div>\n\t\t\t\t<\/div>\n\t\t\t\t\t<\/div>\n\t\t<\/div>\n\t\t\t\t<div class=\"elementor-column elementor-col-50 elementor-inner-column elementor-element elementor-element-3951d2c\" data-id=\"3951d2c\" data-element_type=\"column\">\n\t\t\t<div class=\"elementor-widget-wrap elementor-element-populated\">\n\t\t\t\t\t\t\t\t<div class=\"elementor-element elementor-element-5434e2f elementor-widget elementor-widget-image\" data-id=\"5434e2f\" data-element_type=\"widget\" data-widget_type=\"image.default\">\n\t\t\t\t<div class=\"elementor-widget-container\">\n\t\t\t\t\t\t\t\t\t\t\t\t\t\t\t<img loading=\"lazy\" decoding=\"async\" width=\"640\" height=\"550\" src=\"https:\/\/www.akcmekanik.com\/wp-content\/uploads\/2023\/02\/nsplsh_4a67453972354873466838_mv2_d_3152_2101_s_2.webp\" class=\"attachment-large size-large wp-image-306\" alt=\"\" srcset=\"https:\/\/www.akcmekanik.com\/wp-content\/uploads\/2023\/02\/nsplsh_4a67453972354873466838_mv2_d_3152_2101_s_2.webp 675w, https:\/\/www.akcmekanik.com\/wp-content\/uploads\/2023\/02\/nsplsh_4a67453972354873466838_mv2_d_3152_2101_s_2-300x258.webp 300w\" sizes=\"auto, (max-width: 640px) 100vw, 640px\" \/>\t\t\t\t\t\t\t\t\t\t\t\t\t\t\t<\/div>\n\t\t\t\t<\/div>\n\t\t\t\t\t<\/div>\n\t\t<\/div>\n\t\t\t\t\t\t\t<\/div>\n\t\t<\/section>\n\t\t\t\t\t<\/div>\n\t\t<\/div>\n\t\t\t\t\t\t\t<\/div>\n\t\t<\/section>\n\t\t\t\t\t\t\t<\/div>\n\t\t","protected":false},"excerpt":{"rendered":"<p>Hizmetler AKC MEKAN\u0130K Modern hayat\u0131n konforunu in\u015faat sekt\u00f6r\u00fcyle birle\u015ftiren \u00a0firmam\u0131z yeni ke\u015fiflerin ve \u00e7al\u0131\u015fmalar\u0131n \u00f6nc\u00fcl\u00fc\u011f\u00fcn\u00fc \u00fcstlenerek \u00a0daha iyi bir ya\u015fam standartlar\u0131 i\u00e7in \u00e7al\u0131\u015fmalar yapmaktad\u0131r. K\u00fcresel marka de\u011ferlerine sahip \u00e7\u00f6z\u00fcm ortakl\u0131klar\u0131m\u0131zla Is\u0131tma, So\u011futma, Klima , Havaland\u0131rma , \u0130klimlendirme ve Yang\u0131n S\u00f6nd\u00fcrme Sistemleri \u00fczerine AKC Mekanik olarak m\u00fchendislik dokunu\u015fu yapmaktay\u0131z. Sayfaya Git YANGINDAN KORUNMA S\u0130STEMLER\u0130 Sulu ve [&hellip;]<\/p>\n","protected":false},"author":2,"featured_media":0,"parent":0,"menu_order":0,"comment_status":"closed","ping_status":"closed","template":"elementor_header_footer","meta":{"footnotes":""},"class_list":["post-56","page","type-page","status-publish","hentry"],"_links":{"self":[{"href":"https:\/\/www.akcmekanik.com\/index.php?rest_route=\/wp\/v2\/pages\/56","targetHints":{"allow":["GET"]}}],"collection":[{"href":"https:\/\/www.akcmekanik.com\/index.php?rest_route=\/wp\/v2\/pages"}],"about":[{"href":"https:\/\/www.akcmekanik.com\/index.php?rest_route=\/wp\/v2\/types\/page"}],"author":[{"embeddable":true,"href":"https:\/\/www.akcmekanik.com\/index.php?rest_route=\/wp\/v2\/users\/2"}],"replies":[{"embeddable":true,"href":"https:\/\/www.akcmekanik.com\/index.php?rest_route=%2Fwp%2Fv2%2Fcomments&post=56"}],"version-history":[{"count":49,"href":"https:\/\/www.akcmekanik.com\/index.php?rest_route=\/wp\/v2\/pages\/56\/revisions"}],"predecessor-version":[{"id":2060,"href":"https:\/\/www.akcmekanik.com\/index.php?rest_route=\/wp\/v2\/pages\/56\/revisions\/2060"}],"wp:attachment":[{"href":"https:\/\/www.akcmekanik.com\/index.php?rest_route=%2Fwp%2Fv2%2Fmedia&parent=56"}],"curies":[{"name":"wp","href":"https:\/\/api.w.org\/{rel}","templated":true}]}}